{"id":28275,"date":"2024-06-20T02:49:57","date_gmt":"2024-06-20T02:49:57","guid":{"rendered":"https:\/\/www.toolkitrc.com\/?post_type=product&#038;p=28275"},"modified":"2025-06-07T05:54:22","modified_gmt":"2025-06-07T05:54:22","slug":"m8p","status":"publish","type":"product","link":"https:\/\/www.toolkitrc.com\/zh-hans\/product\/m8p\/","title":{"rendered":"M8P"},"content":{"rendered":"\t\t<div data-elementor-type=\"product-post\" data-elementor-id=\"28275\" class=\"elementor elementor-28275\" data-elementor-settings=\"{&quot;ha_cmc_init_switcher&quot;:&quot;no&quot;}\" data-elementor-post-type=\"product\">\n\t\t\t\t<div data-particle_enable=\"false\" data-particle-mobile-disabled=\"false\" class=\"elementor-element elementor-element-467c4b3 e-flex e-con-boxed e-con e-parent\" data-id=\"467c4b3\" data-element_type=\"container\" data-e-type=\"container\" data-settings=\"{&quot;background_background&quot;:&quot;classic&quot;,&quot;_ha_eqh_enable&quot;:false,&quot;ekit_has_onepagescroll_dot&quot;:&quot;yes&quot;}\">\n\t\t\t\t\t<div class=\"e-con-inner\">\n\t\t\t\t<div class=\"elementor-element elementor-element-4bb182e elementor-widget elementor-widget-text-editor\" data-id=\"4bb182e\" data-element_type=\"widget\" data-e-type=\"widget\" data-settings=\"{&quot;ekit_we_effect_on&quot;:&quot;none&quot;}\" data-widget_type=\"text-editor.default\">\n\t\t\t\t\t\t\t\t\t<h2 style=\"text-align: left;\">SPEC<\/h2>\t\t\t\t\t\t\t\t<\/div>\n\t\t\t\t<div class=\"elementor-element elementor-element-6946efa elementor-widget elementor-widget-image\" data-id=\"6946efa\" data-element_type=\"widget\" data-e-type=\"widget\" data-settings=\"{&quot;ekit_we_effect_on&quot;:&quot;none&quot;}\" data-widget_type=\"image.default\">\n\t\t\t\t\t\t\t\t\t\t\t\t\t\t\t<img fetchpriority=\"high\" decoding=\"async\" width=\"696\" height=\"800\" src=\"https:\/\/www.toolkitrc.com\/wp-content\/uploads\/2024\/06\/M8P\u8be6\u60c5\u63cf\u8ff0en_08-e1741578266484-696x800.png\" class=\"attachment-large size-large wp-image-44362\" alt=\"\" srcset=\"https:\/\/www.toolkitrc.com\/wp-content\/uploads\/2024\/06\/M8P\u8be6\u60c5\u63cf\u8ff0en_08-e1741578266484-696x800.png 696w, https:\/\/www.toolkitrc.com\/wp-content\/uploads\/2024\/06\/M8P\u8be6\u60c5\u63cf\u8ff0en_08-e1741578266484-261x300.png 261w, https:\/\/www.toolkitrc.com\/wp-content\/uploads\/2024\/06\/M8P\u8be6\u60c5\u63cf\u8ff0en_08-e1741578266484-768x883.png 768w, https:\/\/www.toolkitrc.com\/wp-content\/uploads\/2024\/06\/M8P\u8be6\u60c5\u63cf\u8ff0en_08-e1741578266484.png 790w\" sizes=\"(max-width: 696px) 100vw, 696px\" \/>\t\t\t\t\t\t\t\t\t\t\t\t\t\t\t<\/div>\n\t\t\t\t<div class=\"elementor-element elementor-element-980b7be elementor-widget elementor-widget-text-editor\" data-id=\"980b7be\" data-element_type=\"widget\" data-e-type=\"widget\" data-settings=\"{&quot;ekit_we_effect_on&quot;:&quot;none&quot;}\" data-widget_type=\"text-editor.default\">\n\t\t\t\t\t\t\t\t\t<h3><span style=\"color: #808080;\">GENERAL<\/span><\/h3>\n<table width=\"676\">\n<tbody>\n<tr>\n<td width=\"207\"><strong>Product size<\/strong><\/td>\n<td width=\"367\"><span style=\"color: #00aaff;\">99\u00d772\u00d735mm<\/span><\/td>\n<\/tr>\n<tr>\n<td><strong>Product weight<\/strong><\/td>\n<td><span style=\"color: #00aaff;\">180g<\/span><\/td>\n<\/tr>\n<tr>\n<td><strong>Packing size<\/strong><\/td>\n<td><span style=\"color: #00aaff;\">125\u00d781\u00d741mm<\/span><\/td>\n<\/tr>\n<tr>\n<td><strong>Packaging weight<\/strong><\/td>\n<td><span style=\"color: #00aaff;\">250g<\/span><\/td>\n<\/tr>\n<tr>\n<td><strong>LCD<\/strong><\/td>\n<td><span style=\"color: #00aaff;\">IPS 2.4\u2033 LCD 320\u00d7240px<\/span><\/td>\n<\/tr>\n<\/tbody>\n<\/table>\n<h3><span style=\"color: #808080;\">CHARGER<\/span><\/h3>\n<table width=\"574\">\n<tbody>\n<tr>\n<td width=\"207\"><strong>Input voltage<\/strong><\/td>\n<td width=\"367\">\n<p data-id=\"2b3c9a57\" data-element_type=\"widget\" data-settings=\"{&quot;ekit_we_effect_on&quot;:&quot;none&quot;}\" data-widget_type=\"text-editor.default\"><span style=\"color: #00aaff;\">7.0-35.0V @MAX<\/span> <span style=\"color: #00aaff;\">25A<\/span><\/p>\n<\/td>\n<\/tr>\n<tr>\n<td width=\"207\"><strong>Battery type<\/strong><\/td>\n<td width=\"367\">\n<p data-id=\"603bdd64\" data-element_type=\"widget\" data-settings=\"{&quot;ekit_we_effect_on&quot;:&quot;none&quot;}\" data-widget_type=\"text-editor.default\"><span style=\"color: #00aaff;\">LiPo LiHV LiFe Lilon LTO@1-8S<\/span>\n<span style=\"color: #00aaff;\">NiMH @1-20S Pb @1-12S<\/span><\/p>\n<\/td>\n<\/tr>\n<tr>\n<td width=\"207\"><strong>Balance current<\/strong><\/td>\n<td width=\"367\">\n<p data-id=\"4b279f25\" data-element_type=\"widget\" data-settings=\"{&quot;ekit_we_effect_on&quot;:&quot;none&quot;}\" data-widget_type=\"text-editor.default\"><span style=\"color: #00aaff;\">1000mA @ 4.2V<\/span><\/p>\n<\/td>\n<\/tr>\n<tr>\n<td width=\"207\"><strong>Charging power<\/strong><\/td>\n<td width=\"367\">\n<p data-id=\"6c6b67a7\" data-element_type=\"widget\" data-settings=\"{&quot;ekit_we_effect_on&quot;:&quot;none&quot;}\" data-widget_type=\"text-editor.default\"><span style=\"color: #00aaff;\">600W @MAX 20A<\/span><\/p>\n<\/td>\n<\/tr>\n<tr>\n<td width=\"207\"><strong>Discharging power<\/strong><\/td>\n<td width=\"367\">\n<p data-id=\"340d8142\" data-element_type=\"widget\" data-settings=\"{&quot;ekit_we_effect_on&quot;:&quot;none&quot;}\" data-widget_type=\"text-editor.default\"><span style=\"color: #00aaff;\">600W @MAX 20A Recycle mode<\/span>\n<span style=\"color: #00aaff;\">20W@3A Normal mode<\/span><\/p>\n<\/td>\n<\/tr>\n<tr>\n<td width=\"207\"><strong>USB<\/strong><\/td>\n<td width=\"367\">\n<p data-id=\"120569e9\" data-element_type=\"widget\" data-settings=\"{&quot;ekit_we_effect_on&quot;:&quot;none&quot;}\" data-widget_type=\"text-editor.default\"><span style=\"color: #00aaff;\">2.1A@5.0V or Upgrade<\/span><\/p>\n<\/td>\n<\/tr>\n<\/tbody>\n<\/table>\n<h3><span style=\"color: #808080;\">MEASURER<\/span><\/h3>\n<table width=\"574\">\n<tbody>\n<tr>\n<td width=\"207\"><strong>PWM<\/strong><\/td>\n<td width=\"367\">\n<p data-id=\"4218a991\" data-element_type=\"widget\" data-settings=\"{&quot;ekit_we_effect_on&quot;:&quot;none&quot;}\" data-widget_type=\"text-editor.default\"><span style=\"color: #00aaff;\">880-2200us @ 20-400Hz<\/span><\/p>\n<\/td>\n<\/tr>\n<tr>\n<td width=\"207\"><strong>PPM<\/strong><\/td>\n<td width=\"367\">\n<p data-id=\"46bb9dd9\" data-element_type=\"widget\" data-settings=\"{&quot;ekit_we_effect_on&quot;:&quot;none&quot;}\" data-widget_type=\"text-editor.default\"><span style=\"color: #00aaff;\">880-2200us\u00d78CH @ 20-50Hz<\/span><\/p>\n<\/td>\n<\/tr>\n<tr>\n<td width=\"207\"><strong>SBUS<\/strong><\/td>\n<td width=\"367\">\n<p data-id=\"5137ab6a\" data-element_type=\"widget\" data-settings=\"{&quot;ekit_we_effect_on&quot;:&quot;none&quot;}\" data-widget_type=\"text-editor.default\"><span style=\"color: #00aaff;\">880-2200us\u00d716CH @ 20-100Hz<\/span><\/p>\n<\/td>\n<\/tr>\n<tr>\n<td width=\"207\"><strong>Voltage<\/strong><\/td>\n<td width=\"367\">\n<p data-id=\"49e98ba9\" data-element_type=\"widget\" data-settings=\"{&quot;ekit_we_effect_on&quot;:&quot;none&quot;}\" data-widget_type=\"text-editor.default\"><span style=\"color: #00aaff;\">1.0-5.0V @ 1-8S\u00a0<\/span><\/p>\n<\/td>\n<\/tr>\n<tr>\n<td width=\"207\"><strong>Internal resistance<\/strong><\/td>\n<td width=\"367\">\n<p data-id=\"6770e6b9\" data-element_type=\"widget\" data-settings=\"{&quot;ekit_we_effect_on&quot;:&quot;none&quot;}\" data-widget_type=\"text-editor.default\"><span style=\"color: #00aaff;\">0.1 mR-99R @ 1-8S<\/span><\/p>\n<\/td>\n<\/tr>\n<tr>\n<td width=\"207\"><strong>ESC<\/strong><\/td>\n<td width=\"367\">\n<p data-id=\"df7ee5c\" data-element_type=\"widget\" data-settings=\"{&quot;ekit_we_effect_on&quot;:&quot;none&quot;}\" data-widget_type=\"text-editor.default\"><span style=\"color: #00aaff;\">600W @ 20A<\/span><\/p>\n<\/td>\n<\/tr>\n<\/tbody>\n<\/table>\n<h3><span style=\"color: #808080;\">OUTPUT<\/span><\/h3>\n<table width=\"574\">\n<tbody>\n<tr>\n<td width=\"207\"><strong>PWM<\/strong><\/td>\n<td width=\"367\">\n<p data-id=\"1c96138\" data-element_type=\"widget\" data-settings=\"{&quot;ekit_we_effect_on&quot;:&quot;none&quot;}\" data-widget_type=\"text-editor.default\"><span style=\"color: #00aaff;\">500-2500us @ 20-1000Hz<\/span><\/p>\n<\/td>\n<\/tr>\n<tr>\n<td width=\"207\"><strong>PPM<\/strong><\/td>\n<td width=\"367\">\n<p data-id=\"2876de0\" data-element_type=\"widget\" data-settings=\"{&quot;ekit_we_effect_on&quot;:&quot;none&quot;}\" data-widget_type=\"text-editor.default\"><span style=\"color: #00aaff;\">880-2200us\u00d78CH @ 20-50Hz<\/span><\/p>\n<\/td>\n<\/tr>\n<tr>\n<td width=\"207\"><strong>SBUS<\/strong><\/td>\n<td width=\"367\">\n<p data-id=\"8c09457\" data-element_type=\"widget\" data-settings=\"{&quot;ekit_we_effect_on&quot;:&quot;none&quot;}\" data-widget_type=\"text-editor.default\"><span style=\"color: #00aaff;\">880-2200us\u00d716CH @ 20-100Hz<\/span><\/p>\n<\/td>\n<\/tr>\n<tr>\n<td width=\"207\"><strong>Power supply<\/strong><\/td>\n<td width=\"367\">\n<p data-id=\"6846bd0\" data-element_type=\"widget\" data-settings=\"{&quot;ekit_we_effect_on&quot;:&quot;none&quot;}\" data-widget_type=\"text-editor.default\"><span style=\"color: #00aaff;\">1.0-35.0V @1.0-20A mode:CC CV<\/span><\/p>\n<\/td>\n<\/tr>\n<tr>\n<td width=\"207\"><strong>Overcurrent response<\/strong><\/td>\n<td width=\"367\">\n<p data-id=\"ad4db58\" data-element_type=\"widget\" data-settings=\"{&quot;ekit_we_effect_on&quot;:&quot;none&quot;}\" data-widget_type=\"text-editor.default\"><span style=\"color: #00aaff;\">&lt;5ms<\/span><\/p>\n<\/td>\n<\/tr>\n<\/tbody>\n<\/table>\n<h2><\/h2>\n<h2 style=\"text-align: left;\">IN THE BOX<\/h2>\n<span style=\"color: #00aaff;\">M8AC Charger \u00d7 1, AC Input Cable \u00d7 1, USB Cable \u00d7 1, Quick Manual \u00d7 1, Screen Protector \u00d7 1<\/span>\t\t\t\t\t\t\t\t<\/div>\n\t\t\t\t<div class=\"elementor-element elementor-element-915787c elementor-widget elementor-widget-image\" data-id=\"915787c\" data-element_type=\"widget\" data-e-type=\"widget\" data-settings=\"{&quot;ekit_we_effect_on&quot;:&quot;none&quot;}\" data-widget_type=\"image.default\">\n\t\t\t\t\t\t\t\t\t\t\t\t\t\t\t<img decoding=\"async\" width=\"800\" height=\"800\" src=\"https:\/\/www.toolkitrc.com\/wp-content\/uploads\/2024\/06\/M8P-in-the-box-800x800.jpg\" class=\"attachment-large size-large wp-image-44321\" alt=\"\" srcset=\"https:\/\/www.toolkitrc.com\/wp-content\/uploads\/2024\/06\/M8P-in-the-box-800x800.jpg 800w, https:\/\/www.toolkitrc.com\/wp-content\/uploads\/2024\/06\/M8P-in-the-box-300x300.jpg 300w, https:\/\/www.toolkitrc.com\/wp-content\/uploads\/2024\/06\/M8P-in-the-box-150x150.jpg 150w, https:\/\/www.toolkitrc.com\/wp-content\/uploads\/2024\/06\/M8P-in-the-box-768x768.jpg 768w, https:\/\/www.toolkitrc.com\/wp-content\/uploads\/2024\/06\/M8P-in-the-box-500x500.jpg 500w, https:\/\/www.toolkitrc.com\/wp-content\/uploads\/2024\/06\/M8P-in-the-box-600x600.jpg 600w, https:\/\/www.toolkitrc.com\/wp-content\/uploads\/2024\/06\/M8P-in-the-box-96x96.jpg 96w, https:\/\/www.toolkitrc.com\/wp-content\/uploads\/2024\/06\/M8P-in-the-box.jpg 1000w\" sizes=\"(max-width: 800px) 100vw, 800px\" \/>\t\t\t\t\t\t\t\t\t\t\t\t\t\t\t<\/div>\n\t\t\t\t\t<\/div>\n\t\t\t\t<\/div>\n\t\t<div data-particle_enable=\"false\" data-particle-mobile-disabled=\"false\" class=\"elementor-element elementor-element-202e513 e-flex e-con-boxed e-con e-parent\" data-id=\"202e513\" data-element_type=\"container\" data-e-type=\"container\" data-settings=\"{&quot;background_background&quot;:&quot;classic&quot;,&quot;_ha_eqh_enable&quot;:false,&quot;ekit_has_onepagescroll_dot&quot;:&quot;yes&quot;}\">\n\t\t\t\t\t<div class=\"e-con-inner\">\n\t\t\t\t<div class=\"elementor-element elementor-element-2ae9a93 elementor-widget elementor-widget-image\" data-id=\"2ae9a93\" data-element_type=\"widget\" data-e-type=\"widget\" data-settings=\"{&quot;ekit_we_effect_on&quot;:&quot;none&quot;}\" data-widget_type=\"image.default\">\n\t\t\t\t\t\t\t\t\t\t\t\t\t\t\t<img decoding=\"async\" width=\"790\" height=\"1442\" src=\"https:\/\/www.toolkitrc.com\/wp-content\/uploads\/2024\/06\/M8P\u8be6\u60c5\u63cf\u8ff0en_01.png\" class=\"attachment-full size-full wp-image-44347\" alt=\"\" srcset=\"https:\/\/www.toolkitrc.com\/wp-content\/uploads\/2024\/06\/M8P\u8be6\u60c5\u63cf\u8ff0en_01.png 790w, https:\/\/www.toolkitrc.com\/wp-content\/uploads\/2024\/06\/M8P\u8be6\u60c5\u63cf\u8ff0en_01-164x300.png 164w, https:\/\/www.toolkitrc.com\/wp-content\/uploads\/2024\/06\/M8P\u8be6\u60c5\u63cf\u8ff0en_01-438x800.png 438w, https:\/\/www.toolkitrc.com\/wp-content\/uploads\/2024\/06\/M8P\u8be6\u60c5\u63cf\u8ff0en_01-768x1402.png 768w\" sizes=\"(max-width: 790px) 100vw, 790px\" \/>\t\t\t\t\t\t\t\t\t\t\t\t\t\t\t<\/div>\n\t\t\t\t<div class=\"elementor-element elementor-element-06d6dec elementor-widget elementor-widget-image\" data-id=\"06d6dec\" data-element_type=\"widget\" data-e-type=\"widget\" data-settings=\"{&quot;ekit_we_effect_on&quot;:&quot;none&quot;}\" data-widget_type=\"image.default\">\n\t\t\t\t\t\t\t\t\t\t\t\t\t\t\t<img loading=\"lazy\" decoding=\"async\" width=\"790\" height=\"1748\" src=\"https:\/\/www.toolkitrc.com\/wp-content\/uploads\/2024\/06\/M8P\u8be6\u60c5\u63cf\u8ff0en_02.png\" class=\"attachment-full size-full wp-image-44349\" alt=\"\" srcset=\"https:\/\/www.toolkitrc.com\/wp-content\/uploads\/2024\/06\/M8P\u8be6\u60c5\u63cf\u8ff0en_02.png 790w, https:\/\/www.toolkitrc.com\/wp-content\/uploads\/2024\/06\/M8P\u8be6\u60c5\u63cf\u8ff0en_02-136x300.png 136w, https:\/\/www.toolkitrc.com\/wp-content\/uploads\/2024\/06\/M8P\u8be6\u60c5\u63cf\u8ff0en_02-362x800.png 362w, https:\/\/www.toolkitrc.com\/wp-content\/uploads\/2024\/06\/M8P\u8be6\u60c5\u63cf\u8ff0en_02-768x1699.png 768w, https:\/\/www.toolkitrc.com\/wp-content\/uploads\/2024\/06\/M8P\u8be6\u60c5\u63cf\u8ff0en_02-694x1536.png 694w\" sizes=\"(max-width: 790px) 100vw, 790px\" \/>\t\t\t\t\t\t\t\t\t\t\t\t\t\t\t<\/div>\n\t\t\t\t<div class=\"elementor-element elementor-element-e9a8a00 elementor-widget elementor-widget-image\" data-id=\"e9a8a00\" data-element_type=\"widget\" data-e-type=\"widget\" data-settings=\"{&quot;ekit_we_effect_on&quot;:&quot;none&quot;}\" data-widget_type=\"image.default\">\n\t\t\t\t\t\t\t\t\t\t\t\t\t\t\t<img loading=\"lazy\" decoding=\"async\" width=\"790\" height=\"1548\" src=\"https:\/\/www.toolkitrc.com\/wp-content\/uploads\/2024\/06\/M8P\u8be6\u60c5\u63cf\u8ff0en_03.png\" class=\"attachment-full size-full wp-image-44351\" alt=\"\" srcset=\"https:\/\/www.toolkitrc.com\/wp-content\/uploads\/2024\/06\/M8P\u8be6\u60c5\u63cf\u8ff0en_03.png 790w, https:\/\/www.toolkitrc.com\/wp-content\/uploads\/2024\/06\/M8P\u8be6\u60c5\u63cf\u8ff0en_03-153x300.png 153w, https:\/\/www.toolkitrc.com\/wp-content\/uploads\/2024\/06\/M8P\u8be6\u60c5\u63cf\u8ff0en_03-408x800.png 408w, https:\/\/www.toolkitrc.com\/wp-content\/uploads\/2024\/06\/M8P\u8be6\u60c5\u63cf\u8ff0en_03-768x1505.png 768w, https:\/\/www.toolkitrc.com\/wp-content\/uploads\/2024\/06\/M8P\u8be6\u60c5\u63cf\u8ff0en_03-784x1536.png 784w\" sizes=\"(max-width: 790px) 100vw, 790px\" \/>\t\t\t\t\t\t\t\t\t\t\t\t\t\t\t<\/div>\n\t\t\t\t<div class=\"elementor-element elementor-element-9c143c8 elementor-widget elementor-widget-image\" data-id=\"9c143c8\" data-element_type=\"widget\" data-e-type=\"widget\" data-settings=\"{&quot;ekit_we_effect_on&quot;:&quot;none&quot;}\" data-widget_type=\"image.default\">\n\t\t\t\t\t\t\t\t\t\t\t\t\t\t\t<img loading=\"lazy\" decoding=\"async\" width=\"790\" height=\"1717\" src=\"https:\/\/www.toolkitrc.com\/wp-content\/uploads\/2024\/06\/M8P\u8be6\u60c5\u63cf\u8ff0en_04.png\" class=\"attachment-full size-full wp-image-44353\" alt=\"\" srcset=\"https:\/\/www.toolkitrc.com\/wp-content\/uploads\/2024\/06\/M8P\u8be6\u60c5\u63cf\u8ff0en_04.png 790w, https:\/\/www.toolkitrc.com\/wp-content\/uploads\/2024\/06\/M8P\u8be6\u60c5\u63cf\u8ff0en_04-138x300.png 138w, https:\/\/www.toolkitrc.com\/wp-content\/uploads\/2024\/06\/M8P\u8be6\u60c5\u63cf\u8ff0en_04-368x800.png 368w, https:\/\/www.toolkitrc.com\/wp-content\/uploads\/2024\/06\/M8P\u8be6\u60c5\u63cf\u8ff0en_04-768x1669.png 768w, https:\/\/www.toolkitrc.com\/wp-content\/uploads\/2024\/06\/M8P\u8be6\u60c5\u63cf\u8ff0en_04-707x1536.png 707w\" sizes=\"(max-width: 790px) 100vw, 790px\" \/>\t\t\t\t\t\t\t\t\t\t\t\t\t\t\t<\/div>\n\t\t\t\t<div class=\"elementor-element elementor-element-d6db3e4 elementor-widget elementor-widget-image\" data-id=\"d6db3e4\" data-element_type=\"widget\" data-e-type=\"widget\" data-settings=\"{&quot;ekit_we_effect_on&quot;:&quot;none&quot;}\" data-widget_type=\"image.default\">\n\t\t\t\t\t\t\t\t\t\t\t\t\t\t\t<img loading=\"lazy\" decoding=\"async\" width=\"790\" height=\"1804\" src=\"https:\/\/www.toolkitrc.com\/wp-content\/uploads\/2024\/06\/M8P\u8be6\u60c5\u63cf\u8ff0en_05.png\" class=\"attachment-full size-full wp-image-44356\" alt=\"\" srcset=\"https:\/\/www.toolkitrc.com\/wp-content\/uploads\/2024\/06\/M8P\u8be6\u60c5\u63cf\u8ff0en_05.png 790w, https:\/\/www.toolkitrc.com\/wp-content\/uploads\/2024\/06\/M8P\u8be6\u60c5\u63cf\u8ff0en_05-131x300.png 131w, https:\/\/www.toolkitrc.com\/wp-content\/uploads\/2024\/06\/M8P\u8be6\u60c5\u63cf\u8ff0en_05-350x800.png 350w, https:\/\/www.toolkitrc.com\/wp-content\/uploads\/2024\/06\/M8P\u8be6\u60c5\u63cf\u8ff0en_05-768x1754.png 768w, https:\/\/www.toolkitrc.com\/wp-content\/uploads\/2024\/06\/M8P\u8be6\u60c5\u63cf\u8ff0en_05-673x1536.png 673w\" sizes=\"(max-width: 790px) 100vw, 790px\" \/>\t\t\t\t\t\t\t\t\t\t\t\t\t\t\t<\/div>\n\t\t\t\t<div class=\"elementor-element elementor-element-83d251e elementor-widget elementor-widget-image\" data-id=\"83d251e\" data-element_type=\"widget\" data-e-type=\"widget\" data-settings=\"{&quot;ekit_we_effect_on&quot;:&quot;none&quot;}\" data-widget_type=\"image.default\">\n\t\t\t\t\t\t\t\t\t\t\t\t\t\t\t<img loading=\"lazy\" decoding=\"async\" width=\"790\" height=\"1635\" src=\"https:\/\/www.toolkitrc.com\/wp-content\/uploads\/2024\/06\/M8P\u8be6\u60c5\u63cf\u8ff0en_06.png\" class=\"attachment-full size-full wp-image-44358\" alt=\"\" srcset=\"https:\/\/www.toolkitrc.com\/wp-content\/uploads\/2024\/06\/M8P\u8be6\u60c5\u63cf\u8ff0en_06.png 790w, https:\/\/www.toolkitrc.com\/wp-content\/uploads\/2024\/06\/M8P\u8be6\u60c5\u63cf\u8ff0en_06-145x300.png 145w, https:\/\/www.toolkitrc.com\/wp-content\/uploads\/2024\/06\/M8P\u8be6\u60c5\u63cf\u8ff0en_06-387x800.png 387w, https:\/\/www.toolkitrc.com\/wp-content\/uploads\/2024\/06\/M8P\u8be6\u60c5\u63cf\u8ff0en_06-768x1589.png 768w, https:\/\/www.toolkitrc.com\/wp-content\/uploads\/2024\/06\/M8P\u8be6\u60c5\u63cf\u8ff0en_06-742x1536.png 742w\" sizes=\"(max-width: 790px) 100vw, 790px\" \/>\t\t\t\t\t\t\t\t\t\t\t\t\t\t\t<\/div>\n\t\t\t\t<div class=\"elementor-element elementor-element-3c9b700 elementor-widget elementor-widget-image\" data-id=\"3c9b700\" data-element_type=\"widget\" data-e-type=\"widget\" data-settings=\"{&quot;ekit_we_effect_on&quot;:&quot;none&quot;}\" data-widget_type=\"image.default\">\n\t\t\t\t\t\t\t\t\t\t\t\t\t\t\t<img loading=\"lazy\" decoding=\"async\" width=\"790\" height=\"1668\" src=\"https:\/\/www.toolkitrc.com\/wp-content\/uploads\/2024\/06\/M8P\u8be6\u60c5\u63cf\u8ff0en_07.png\" class=\"attachment-full size-full wp-image-44360\" alt=\"\" srcset=\"https:\/\/www.toolkitrc.com\/wp-content\/uploads\/2024\/06\/M8P\u8be6\u60c5\u63cf\u8ff0en_07.png 790w, https:\/\/www.toolkitrc.com\/wp-content\/uploads\/2024\/06\/M8P\u8be6\u60c5\u63cf\u8ff0en_07-142x300.png 142w, https:\/\/www.toolkitrc.com\/wp-content\/uploads\/2024\/06\/M8P\u8be6\u60c5\u63cf\u8ff0en_07-379x800.png 379w, https:\/\/www.toolkitrc.com\/wp-content\/uploads\/2024\/06\/M8P\u8be6\u60c5\u63cf\u8ff0en_07-768x1622.png 768w, https:\/\/www.toolkitrc.com\/wp-content\/uploads\/2024\/06\/M8P\u8be6\u60c5\u63cf\u8ff0en_07-727x1536.png 727w\" sizes=\"(max-width: 790px) 100vw, 790px\" \/>\t\t\t\t\t\t\t\t\t\t\t\t\t\t\t<\/div>\n\t\t\t\t\t<\/div>\n\t\t\t\t<\/div>\n\t\t\t\t<\/div>\n\t\t\n    <div class=\"xs_social_share_widget xs_share_url after_content \t\tmain_content  wslu-style-1 wslu-share-box-shaped wslu-fill-colored wslu-none wslu-share-horizontal wslu-theme-font-no wslu-main_content\">\n\n\t\t\n        <ul>\n\t\t\t        <\/ul>\n    <\/div> \n","protected":false},"excerpt":{"rendered":"<p><strong><span style=\"color: #00aaff;\">500W | 20A | 8S<\/span><\/strong><\/p>\n<p>Input Voltage: DC 7-35V@MAX25A<br \/>\nBattery Type: LiPo LiHV LiFe Lilon LTO@1-8S, NiMH@1-20SPb@1-10S<br \/>\nCharge Power: 0.1-20A@600W<br \/>\nDischarge Power: 0.1-20A@600W \/ Recycle external 0.1-<br \/>\n3A@20W<br \/>\nMeasure:PWM\/PPM \/SBUS \/Voltage \/Internal resistance \/ESC<br \/>\nOutput:PWM \/PPM \/SBUS \/Power supply<br \/>\nProduct size: 99*72*35mm<br \/>\nProduct wight: 180g<\/p>\n","protected":false},"featured_media":44313,"comment_status":"open","ping_status":"closed","template":"","meta":{"_acf_changed":false,"_searchwp_excluded":"","site-sidebar-layout":"no-sidebar","site-content-layout":"page-builder","ast-site-content-layout":"default","site-content-style":"default","site-sidebar-style":"default","ast-global-header-display":"","ast-banner-title-visibility":"","ast-main-header-display":"","ast-hfb-above-header-display":"","ast-hfb-below-header-display":"","ast-hfb-mobile-header-display":"","site-post-title":"disabled","ast-breadcrumbs-content":"","ast-featured-img":"disabled","footer-sml-layout":"","theme-transparent-header-meta":"default","adv-header-id-meta":"","stick-header-meta":"default","header-above-stick-meta":"","header-main-stick-meta":"","header-below-stick-meta":"","astra-migrate-meta-layouts":"set","ast-page-background-enabled":"default","ast-page-background-meta":{"desktop":{"background-color":"var(--ast-global-color-4)","background-image":"","background-repeat":"repeat","background-position":"center center","background-size":"auto","background-attachment":"scroll","background-type":"","background-media":"","overlay-type":"","overlay-color":"","overlay-opacity":"","overlay-gradient":""},"tablet":{"background-color":"","background-image":"","background-repeat":"repeat","background-position":"center center","background-size":"auto","background-attachment":"scroll","background-type":"","background-media":"","overlay-type":"","overlay-color":"","overlay-opacity":"","overlay-gradient":""},"mobile":{"background-color":"","background-image":"","background-repeat":"repeat","background-position":"center center","background-size":"auto","background-attachment":"scroll","background-type":"","background-media":"","overlay-type":"","overlay-color":"","overlay-opacity":"","overlay-gradient":""}},"ast-content-background-meta":{"desktop":{"background-color":"var(--ast-global-color-5)","background-image":"","background-repeat":"repeat","background-position":"center center","background-size":"auto","background-attachment":"scroll","background-type":"","background-media":"","overlay-type":"","overlay-color":"","overlay-opacity":"","overlay-gradient":""},"tablet":{"background-color":"var(--ast-global-color-5)","background-image":"","background-repeat":"repeat","background-position":"center center","background-size":"auto","background-attachment":"scroll","background-type":"","background-media":"","overlay-type":"","overlay-color":"","overlay-opacity":"","overlay-gradient":""},"mobile":{"background-color":"var(--ast-global-color-5)","background-image":"","background-repeat":"repeat","background-position":"center center","background-size":"auto","background-attachment":"scroll","background-type":"","background-media":"","overlay-type":"","overlay-color":"","overlay-opacity":"","overlay-gradient":""}}},"product_brand":[],"product_cat":[20,99],"product_tag":[328,327,324],"class_list":{"0":"post-28275","1":"product","2":"type-product","3":"status-publish","4":"has-post-thumbnail","6":"product_cat-charger","7":"product_cat-multi-fuction","8":"product_tag-boats","9":"product_tag-helicopters-airplanes","10":"product_tag-hot","11":"desktop-align-left","12":"tablet-align-left","13":"mobile-align-left","14":"ast-product-gallery-layout-vertical-slider","15":"ast-product-tabs-layout-horizontal","17":"first","18":"instock","19":"featured","20":"shipping-taxable","21":"purchasable","22":"product-type-simple"},"acf":[],"_links":{"self":[{"href":"https:\/\/www.toolkitrc.com\/zh-hans\/wp-json\/wp\/v2\/product\/28275","targetHints":{"allow":["GET"]}}],"collection":[{"href":"https:\/\/www.toolkitrc.com\/zh-hans\/wp-json\/wp\/v2\/product"}],"about":[{"href":"https:\/\/www.toolkitrc.com\/zh-hans\/wp-json\/wp\/v2\/types\/product"}],"replies":[{"embeddable":true,"href":"https:\/\/www.toolkitrc.com\/zh-hans\/wp-json\/wp\/v2\/comments?post=28275"}],"version-history":[{"count":24,"href":"https:\/\/www.toolkitrc.com\/zh-hans\/wp-json\/wp\/v2\/product\/28275\/revisions"}],"predecessor-version":[{"id":46800,"href":"https:\/\/www.toolkitrc.com\/zh-hans\/wp-json\/wp\/v2\/product\/28275\/revisions\/46800"}],"wp:featuredmedia":[{"embeddable":true,"href":"https:\/\/www.toolkitrc.com\/zh-hans\/wp-json\/wp\/v2\/media\/44313"}],"wp:attachment":[{"href":"https:\/\/www.toolkitrc.com\/zh-hans\/wp-json\/wp\/v2\/media?parent=28275"}],"wp:term":[{"taxonomy":"product_brand","embeddable":true,"href":"https:\/\/www.toolkitrc.com\/zh-hans\/wp-json\/wp\/v2\/product_brand?post=28275"},{"taxonomy":"product_cat","embeddable":true,"href":"https:\/\/www.toolkitrc.com\/zh-hans\/wp-json\/wp\/v2\/product_cat?post=28275"},{"taxonomy":"product_tag","embeddable":true,"href":"https:\/\/www.toolkitrc.com\/zh-hans\/wp-json\/wp\/v2\/product_tag?post=28275"}],"curies":[{"name":"wp","href":"https:\/\/api.w.org\/{rel}","templated":true}]}}