{"id":31602,"date":"2024-08-20T06:51:27","date_gmt":"2024-08-20T06:51:27","guid":{"rendered":"https:\/\/www.toolkitrc.com\/?post_type=product&#038;p=31602"},"modified":"2025-05-08T02:25:28","modified_gmt":"2025-05-08T02:25:28","slug":"c3","status":"publish","type":"product","link":"https:\/\/www.toolkitrc.com\/zh-hans\/product\/c3\/","title":{"rendered":"C3"},"content":{"rendered":"\t\t<div data-elementor-type=\"product-post\" data-elementor-id=\"31602\" class=\"elementor elementor-31602\" data-elementor-settings=\"{&quot;ha_cmc_init_switcher&quot;:&quot;no&quot;}\" data-elementor-post-type=\"product\">\n\t\t\t\t<div data-particle_enable=\"false\" data-particle-mobile-disabled=\"false\" class=\"elementor-element elementor-element-2082c6ea e-con-full e-flex e-con e-parent\" data-id=\"2082c6ea\" data-element_type=\"container\" data-e-type=\"container\" data-settings=\"{&quot;_ha_eqh_enable&quot;:false,&quot;ekit_has_onepagescroll_dot&quot;:&quot;yes&quot;}\">\n\t\t<div data-particle_enable=\"false\" data-particle-mobile-disabled=\"false\" class=\"elementor-element elementor-element-466388a0 e-con-full e-flex e-con e-child\" data-id=\"466388a0\" data-element_type=\"container\" data-e-type=\"container\" data-settings=\"{&quot;background_background&quot;:&quot;classic&quot;,&quot;_ha_eqh_enable&quot;:false,&quot;ekit_has_onepagescroll_dot&quot;:&quot;yes&quot;}\">\n\t\t<div data-particle_enable=\"false\" data-particle-mobile-disabled=\"false\" class=\"elementor-element elementor-element-2a26885 e-con-full e-flex e-con e-child\" data-id=\"2a26885\" data-element_type=\"container\" data-e-type=\"container\" data-settings=\"{&quot;_ha_eqh_enable&quot;:false,&quot;ekit_has_onepagescroll_dot&quot;:&quot;yes&quot;}\">\n\t\t\t\t<div class=\"elementor-element elementor-element-356b647a elementor-invisible elementor-widget elementor-widget-text-editor\" data-id=\"356b647a\" data-element_type=\"widget\" data-e-type=\"widget\" data-settings=\"{&quot;_animation&quot;:&quot;fadeInDown&quot;,&quot;ekit_we_effect_on&quot;:&quot;none&quot;}\" data-widget_type=\"text-editor.default\">\n\t\t\t\t\t\t\t\t\t<h2 style=\"text-align: left;\">SPEC<\/h2>\t\t\t\t\t\t\t\t<\/div>\n\t\t\t\t<div class=\"elementor-element elementor-element-483db5f elementor-widget elementor-widget-text-editor\" data-id=\"483db5f\" data-element_type=\"widget\" data-e-type=\"widget\" data-settings=\"{&quot;ekit_we_effect_on&quot;:&quot;none&quot;}\" data-widget_type=\"text-editor.default\">\n\t\t\t\t\t\t\t\t\t<h3><span style=\"color: #808080;\">GENERAL<\/span><\/h3>\t\t\t\t\t\t\t\t<\/div>\n\t\t\t\t<div class=\"elementor-element elementor-element-477510e9 elementor-widget elementor-widget-text-editor\" data-id=\"477510e9\" data-element_type=\"widget\" data-e-type=\"widget\" data-settings=\"{&quot;ekit_we_effect_on&quot;:&quot;none&quot;}\" data-widget_type=\"text-editor.default\">\n\t\t\t\t\t\t\t\t\t<table width=\"676\">\n<tbody>\n<tr>\n<td width=\"146\"><strong>Product size<\/strong><\/td>\n<td width=\"482\"><span style=\"color: #00aaff;\">91\u00d758\u00d730mm<\/span><\/td>\n<\/tr>\n<tr>\n<td><strong>Product weight<\/strong><\/td>\n<td><span style=\"color: #00aaff;\">100g<\/span><\/td>\n<\/tr>\n<tr>\n<td><strong>Packing size<\/strong><\/td>\n<td><span style=\"color: #00aaff;\">95\u00d764\u00d758mm<\/span><\/td>\n<\/tr>\n<tr>\n<td><strong>Packaging weight<\/strong><\/td>\n<td><span style=\"color: #00aaff;\">160g<\/span><\/td>\n<\/tr>\n<tr>\n<td><strong>LED<\/strong><\/td>\n<td><span style=\"color: #00aaff;\">Green:Stanby\/Full RED:Charging<\/span><\/td>\n<\/tr>\n<\/tbody>\n<\/table>\t\t\t\t\t\t\t\t<\/div>\n\t\t\t\t<div class=\"elementor-element elementor-element-3d6d5720 elementor-widget elementor-widget-text-editor\" data-id=\"3d6d5720\" data-element_type=\"widget\" data-e-type=\"widget\" data-settings=\"{&quot;ekit_we_effect_on&quot;:&quot;none&quot;}\" data-widget_type=\"text-editor.default\">\n\t\t\t\t\t\t\t\t\t<h3><span style=\"color: #808080;\">CHARGER<\/span><\/h3>\t\t\t\t\t\t\t\t<\/div>\n\t\t\t\t<div class=\"elementor-element elementor-element-2da9bd4f elementor-widget elementor-widget-text-editor\" data-id=\"2da9bd4f\" data-element_type=\"widget\" data-e-type=\"widget\" data-settings=\"{&quot;ekit_we_effect_on&quot;:&quot;none&quot;}\" data-widget_type=\"text-editor.default\">\n\t\t\t\t\t\t\t\t\t<table width=\"676\"><tbody><tr><td width=\"146\"><strong>Input<\/strong><\/td><td width=\"482\"><span style=\"color: #00aaff;\">AC 100~240V @ Max 25W<\/span><\/td><\/tr><tr><td><strong>Output<\/strong><\/td><td><span style=\"color: #00aaff;\">DC13.1V @ Max 2.2A<\/span><\/td><\/tr><tr><td><strong>Battery type<\/strong><\/td><td><span style=\"color: #00aaff;\">LiPo \/ LiHV @ 2~3S<\/span><\/td><\/tr><tr><td><strong>Balance current<\/strong><\/td><td><span style=\"color: #00aaff;\">200mA @ 4.20V<\/span><\/td><\/tr><tr><td><strong>Charging accuracy<\/strong><\/td><td><span style=\"color: #00aaff;\">&lt;0.01V @4.20V<\/span><\/td><\/tr><\/tbody><\/table>\t\t\t\t\t\t\t\t<\/div>\n\t\t\t\t<\/div>\n\t\t<div data-particle_enable=\"false\" data-particle-mobile-disabled=\"false\" class=\"elementor-element elementor-element-706e54a3 e-con-full e-flex e-con e-child\" data-id=\"706e54a3\" data-element_type=\"container\" data-e-type=\"container\" data-settings=\"{&quot;background_background&quot;:&quot;classic&quot;,&quot;_ha_eqh_enable&quot;:false,&quot;ekit_has_onepagescroll_dot&quot;:&quot;yes&quot;}\">\n\t\t\t\t<div class=\"elementor-element elementor-element-4603c53a elementor-invisible elementor-widget elementor-widget-text-editor\" data-id=\"4603c53a\" data-element_type=\"widget\" data-e-type=\"widget\" data-settings=\"{&quot;_animation&quot;:&quot;fadeInDown&quot;,&quot;ekit_we_effect_on&quot;:&quot;none&quot;}\" data-widget_type=\"text-editor.default\">\n\t\t\t\t\t\t\t\t\t<h2 style=\"text-align: left;\">IN THE BOX<\/h2><p><span style=\"color: #00aaff;\">C3 Charger \u00d7 1, AC Input Cable \u00d7 1, Quick Manual \u00d7 1<\/span><\/p>\t\t\t\t\t\t\t\t<\/div>\n\t\t\t\t<div class=\"elementor-element elementor-element-cc99dde elementor-widget elementor-widget-image\" data-id=\"cc99dde\" data-element_type=\"widget\" data-e-type=\"widget\" data-settings=\"{&quot;ekit_we_effect_on&quot;:&quot;none&quot;}\" data-widget_type=\"image.default\">\n\t\t\t\t\t\t\t\t\t\t\t\t\t\t\t<img fetchpriority=\"high\" decoding=\"async\" width=\"972\" height=\"688\" src=\"https:\/\/www.toolkitrc.com\/wp-content\/uploads\/2024\/08\/C3-0-e1733367868460.jpg\" class=\"attachment-full size-full wp-image-42218\" alt=\"\" srcset=\"https:\/\/www.toolkitrc.com\/wp-content\/uploads\/2024\/08\/C3-0-e1733367868460.jpg 972w, https:\/\/www.toolkitrc.com\/wp-content\/uploads\/2024\/08\/C3-0-e1733367868460-400x283.jpg 400w, https:\/\/www.toolkitrc.com\/wp-content\/uploads\/2024\/08\/C3-0-e1733367868460-768x544.jpg 768w\" sizes=\"(max-width: 972px) 100vw, 972px\" \/>\t\t\t\t\t\t\t\t\t\t\t\t\t\t\t<\/div>\n\t\t\t\t<\/div>\n\t\t\t\t<\/div>\n\t\t<div data-particle_enable=\"false\" data-particle-mobile-disabled=\"false\" class=\"elementor-element elementor-element-5a6bdbe1 e-con-full e-flex e-con e-child\" data-id=\"5a6bdbe1\" data-element_type=\"container\" data-e-type=\"container\" data-settings=\"{&quot;_ha_eqh_enable&quot;:false,&quot;ekit_has_onepagescroll_dot&quot;:&quot;yes&quot;}\">\n\t\t<div data-particle_enable=\"false\" data-particle-mobile-disabled=\"false\" class=\"elementor-element elementor-element-5870e4d5 e-con-full e-flex e-con e-child\" data-id=\"5870e4d5\" data-element_type=\"container\" data-e-type=\"container\" data-settings=\"{&quot;_ha_eqh_enable&quot;:false,&quot;ekit_has_onepagescroll_dot&quot;:&quot;yes&quot;}\">\n\t\t\t\t<div class=\"elementor-element elementor-element-256084a7 elementor-widget elementor-widget-elementskit-heading\" data-id=\"256084a7\" data-element_type=\"widget\" data-e-type=\"widget\" data-settings=\"{&quot;ekit_we_effect_on&quot;:&quot;none&quot;}\" data-widget_type=\"elementskit-heading.default\">\n\t\t\t\t\t<div class=\"ekit-wid-con\" ><div class=\"ekit-heading elementskit-section-title-wraper text_left   ekit_heading_tablet-   ekit_heading_mobile-\"><h2 class=\"ekit-heading--title elementskit-section-title \"> <span><span>Take a Closer Look<\/span><\/span><\/h2><\/div><\/div>\t\t\t\t<\/div>\n\t\t\t\t<\/div>\n\t\t<div data-particle_enable=\"false\" data-particle-mobile-disabled=\"false\" class=\"elementor-element elementor-element-73b8a56 e-con-full e-flex e-con e-child\" data-id=\"73b8a56\" data-element_type=\"container\" data-e-type=\"container\" data-settings=\"{&quot;_ha_eqh_enable&quot;:false,&quot;ekit_has_onepagescroll_dot&quot;:&quot;yes&quot;}\">\n\t\t<div data-particle_enable=\"false\" data-particle-mobile-disabled=\"false\" class=\"elementor-element elementor-element-7ecb92c0 e-con-full e-flex e-con e-child\" data-id=\"7ecb92c0\" data-element_type=\"container\" data-e-type=\"container\" data-settings=\"{&quot;_ha_eqh_enable&quot;:false,&quot;ekit_has_onepagescroll_dot&quot;:&quot;yes&quot;}\">\n\t\t\t\t<div class=\"elementor-element elementor-element-77ab9c46 elementor-widget elementor-widget-button\" data-id=\"77ab9c46\" data-element_type=\"widget\" data-e-type=\"widget\" data-settings=\"{&quot;ekit_we_effect_on&quot;:&quot;none&quot;}\" data-widget_type=\"button.default\">\n\t\t\t\t\t\t\t\t\t\t<a class=\"elementor-button elementor-button-link elementor-size-sm\" href=\"\/m6ac\/\">\n\t\t\t\t\t\t<span class=\"elementor-button-content-wrapper\">\n\t\t\t\t\t\t\t\t\t<span class=\"elementor-button-text\">LEARN MORE<\/span>\n\t\t\t\t\t<\/span>\n\t\t\t\t\t<\/a>\n\t\t\t\t\t\t\t\t<\/div>\n\t\t\t\t<\/div>\n\t\t\t\t<\/div>\n\t\t\t\t<\/div>\n\t\t<div data-particle_enable=\"false\" data-particle-mobile-disabled=\"false\" class=\"elementor-element elementor-element-76ceaf24 e-con-full e-flex e-con e-child\" data-id=\"76ceaf24\" data-element_type=\"container\" data-e-type=\"container\" data-settings=\"{&quot;_ha_eqh_enable&quot;:false,&quot;ekit_has_onepagescroll_dot&quot;:&quot;yes&quot;}\">\n\t\t\t\t<div class=\"elementor-element elementor-element-4fab2223 elementor-widget elementor-widget-image\" data-id=\"4fab2223\" data-element_type=\"widget\" data-e-type=\"widget\" data-settings=\"{&quot;ekit_we_effect_on&quot;:&quot;none&quot;}\" data-widget_type=\"image.default\">\n\t\t\t\t\t\t\t\t\t\t\t\t\t\t\t<img decoding=\"async\" width=\"750\" height=\"1119\" src=\"https:\/\/www.toolkitrc.com\/wp-content\/uploads\/2024\/09\/C3\u8be6\u60c5\u9875_01.jpg\" class=\"attachment-full size-full wp-image-36433\" alt=\"\" srcset=\"https:\/\/www.toolkitrc.com\/wp-content\/uploads\/2024\/09\/C3\u8be6\u60c5\u9875_01.jpg 750w, https:\/\/www.toolkitrc.com\/wp-content\/uploads\/2024\/09\/C3\u8be6\u60c5\u9875_01-201x300.jpg 201w, https:\/\/www.toolkitrc.com\/wp-content\/uploads\/2024\/09\/C3\u8be6\u60c5\u9875_01-536x800.jpg 536w, https:\/\/www.toolkitrc.com\/wp-content\/uploads\/2024\/09\/C3\u8be6\u60c5\u9875_01-27x40.jpg 27w\" sizes=\"(max-width: 750px) 100vw, 750px\" \/>\t\t\t\t\t\t\t\t\t\t\t\t\t\t\t<\/div>\n\t\t\t\t<div class=\"elementor-element elementor-element-2c7b26f0 elementor-widget elementor-widget-image\" data-id=\"2c7b26f0\" data-element_type=\"widget\" data-e-type=\"widget\" data-settings=\"{&quot;ekit_we_effect_on&quot;:&quot;none&quot;}\" data-widget_type=\"image.default\">\n\t\t\t\t\t\t\t\t\t\t\t\t\t\t\t<img decoding=\"async\" width=\"750\" height=\"960\" src=\"https:\/\/www.toolkitrc.com\/wp-content\/uploads\/2024\/09\/C3\u8be6\u60c5\u9875_02.jpg\" class=\"attachment-full size-full wp-image-36435\" alt=\"\" srcset=\"https:\/\/www.toolkitrc.com\/wp-content\/uploads\/2024\/09\/C3\u8be6\u60c5\u9875_02.jpg 750w, https:\/\/www.toolkitrc.com\/wp-content\/uploads\/2024\/09\/C3\u8be6\u60c5\u9875_02-234x300.jpg 234w, https:\/\/www.toolkitrc.com\/wp-content\/uploads\/2024\/09\/C3\u8be6\u60c5\u9875_02-625x800.jpg 625w, https:\/\/www.toolkitrc.com\/wp-content\/uploads\/2024\/09\/C3\u8be6\u60c5\u9875_02-31x40.jpg 31w\" sizes=\"(max-width: 750px) 100vw, 750px\" \/>\t\t\t\t\t\t\t\t\t\t\t\t\t\t\t<\/div>\n\t\t\t\t<div class=\"elementor-element elementor-element-6b2f271d elementor-widget elementor-widget-image\" data-id=\"6b2f271d\" data-element_type=\"widget\" data-e-type=\"widget\" data-settings=\"{&quot;ekit_we_effect_on&quot;:&quot;none&quot;}\" data-widget_type=\"image.default\">\n\t\t\t\t\t\t\t\t\t\t\t\t\t\t\t<img loading=\"lazy\" decoding=\"async\" width=\"750\" height=\"960\" src=\"https:\/\/www.toolkitrc.com\/wp-content\/uploads\/2024\/09\/C3\u8be6\u60c5\u9875_03.jpg\" class=\"attachment-full size-full wp-image-36437\" alt=\"\" srcset=\"https:\/\/www.toolkitrc.com\/wp-content\/uploads\/2024\/09\/C3\u8be6\u60c5\u9875_03.jpg 750w, https:\/\/www.toolkitrc.com\/wp-content\/uploads\/2024\/09\/C3\u8be6\u60c5\u9875_03-234x300.jpg 234w, https:\/\/www.toolkitrc.com\/wp-content\/uploads\/2024\/09\/C3\u8be6\u60c5\u9875_03-625x800.jpg 625w, https:\/\/www.toolkitrc.com\/wp-content\/uploads\/2024\/09\/C3\u8be6\u60c5\u9875_03-31x40.jpg 31w\" sizes=\"(max-width: 750px) 100vw, 750px\" \/>\t\t\t\t\t\t\t\t\t\t\t\t\t\t\t<\/div>\n\t\t\t\t<div class=\"elementor-element elementor-element-603c9b3c elementor-widget elementor-widget-image\" data-id=\"603c9b3c\" data-element_type=\"widget\" data-e-type=\"widget\" data-settings=\"{&quot;ekit_we_effect_on&quot;:&quot;none&quot;}\" data-widget_type=\"image.default\">\n\t\t\t\t\t\t\t\t\t\t\t\t\t\t\t<img loading=\"lazy\" decoding=\"async\" width=\"750\" height=\"961\" src=\"https:\/\/www.toolkitrc.com\/wp-content\/uploads\/2024\/09\/C3\u8be6\u60c5\u9875_04.jpg\" class=\"attachment-full size-full wp-image-36439\" alt=\"\" srcset=\"https:\/\/www.toolkitrc.com\/wp-content\/uploads\/2024\/09\/C3\u8be6\u60c5\u9875_04.jpg 750w, https:\/\/www.toolkitrc.com\/wp-content\/uploads\/2024\/09\/C3\u8be6\u60c5\u9875_04-234x300.jpg 234w, https:\/\/www.toolkitrc.com\/wp-content\/uploads\/2024\/09\/C3\u8be6\u60c5\u9875_04-624x800.jpg 624w, https:\/\/www.toolkitrc.com\/wp-content\/uploads\/2024\/09\/C3\u8be6\u60c5\u9875_04-31x40.jpg 31w\" sizes=\"(max-width: 750px) 100vw, 750px\" \/>\t\t\t\t\t\t\t\t\t\t\t\t\t\t\t<\/div>\n\t\t\t\t<div class=\"elementor-element elementor-element-35dc3d0e elementor-widget elementor-widget-image\" data-id=\"35dc3d0e\" data-element_type=\"widget\" data-e-type=\"widget\" data-settings=\"{&quot;ekit_we_effect_on&quot;:&quot;none&quot;}\" data-widget_type=\"image.default\">\n\t\t\t\t\t\t\t\t\t\t\t\t\t\t\t<img loading=\"lazy\" decoding=\"async\" width=\"750\" height=\"960\" src=\"https:\/\/www.toolkitrc.com\/wp-content\/uploads\/2024\/09\/C3\u8be6\u60c5\u9875_05.jpg\" class=\"attachment-full size-full wp-image-36441\" alt=\"\" srcset=\"https:\/\/www.toolkitrc.com\/wp-content\/uploads\/2024\/09\/C3\u8be6\u60c5\u9875_05.jpg 750w, https:\/\/www.toolkitrc.com\/wp-content\/uploads\/2024\/09\/C3\u8be6\u60c5\u9875_05-234x300.jpg 234w, https:\/\/www.toolkitrc.com\/wp-content\/uploads\/2024\/09\/C3\u8be6\u60c5\u9875_05-625x800.jpg 625w, https:\/\/www.toolkitrc.com\/wp-content\/uploads\/2024\/09\/C3\u8be6\u60c5\u9875_05-31x40.jpg 31w\" sizes=\"(max-width: 750px) 100vw, 750px\" \/>\t\t\t\t\t\t\t\t\t\t\t\t\t\t\t<\/div>\n\t\t\t\t<div class=\"elementor-element elementor-element-39c53b34 elementor-widget elementor-widget-image\" data-id=\"39c53b34\" data-element_type=\"widget\" data-e-type=\"widget\" data-settings=\"{&quot;ekit_we_effect_on&quot;:&quot;none&quot;}\" data-widget_type=\"image.default\">\n\t\t\t\t\t\t\t\t\t\t\t\t\t\t\t<img loading=\"lazy\" decoding=\"async\" width=\"750\" height=\"960\" src=\"https:\/\/www.toolkitrc.com\/wp-content\/uploads\/2024\/09\/C3\u8be6\u60c5\u9875_06.jpg\" class=\"attachment-full size-full wp-image-36443\" alt=\"\" srcset=\"https:\/\/www.toolkitrc.com\/wp-content\/uploads\/2024\/09\/C3\u8be6\u60c5\u9875_06.jpg 750w, https:\/\/www.toolkitrc.com\/wp-content\/uploads\/2024\/09\/C3\u8be6\u60c5\u9875_06-234x300.jpg 234w, https:\/\/www.toolkitrc.com\/wp-content\/uploads\/2024\/09\/C3\u8be6\u60c5\u9875_06-625x800.jpg 625w, https:\/\/www.toolkitrc.com\/wp-content\/uploads\/2024\/09\/C3\u8be6\u60c5\u9875_06-31x40.jpg 31w\" sizes=\"(max-width: 750px) 100vw, 750px\" \/>\t\t\t\t\t\t\t\t\t\t\t\t\t\t\t<\/div>\n\t\t\t\t<\/div>\n\t\t\t\t<\/div>\n\t\t\t\t<\/div>\n\t\t\n    <div class=\"xs_social_share_widget xs_share_url after_content \t\tmain_content  wslu-style-1 wslu-share-box-shaped wslu-fill-colored wslu-none wslu-share-horizontal wslu-theme-font-no wslu-main_content\">\n\n\t\t\n        <ul>\n\t\t\t        <\/ul>\n    <\/div> \n","protected":false},"excerpt":{"rendered":"<p><strong>C3 Compact Balance Charger<\/strong><\/p>\n<p><span style=\"color: #00aaff;\">AC input | 25W 2.2A MAX | 2~3S LiPo\/ LiHV<\/span><\/p>\n<p>\u25cf 60% faster than 10W, 25% faster than 20W B3 chargers;<\/p>\n<p>\u25cf Industry first one-touch 3.85V storage modeLIPO\/LIHV charge functionality;<\/p>\n<p>\u25cf 12 bit ADC processor: &lt;10mV charge accuracy, 25% faster charging, 25% more accurate balancing;<\/p>\n<p>\u25cf Simple and convenient charging via the balance port;<\/p>\n<p>\u25cf Despite its small size, the C3 features built-in voltage, current, temperature and short circuit protection.<\/p>\n","protected":false},"featured_media":31337,"comment_status":"open","ping_status":"closed","template":"","meta":{"_acf_changed":false,"_searchwp_excluded":"","site-sidebar-layout":"no-sidebar","site-content-layout":"page-builder","ast-site-content-layout":"default","site-content-style":"default","site-sidebar-style":"default","ast-global-header-display":"","ast-banner-title-visibility":"","ast-main-header-display":"","ast-hfb-above-header-display":"","ast-hfb-below-header-display":"","ast-hfb-mobile-header-display":"","site-post-title":"disabled","ast-breadcrumbs-content":"","ast-featured-img":"disabled","footer-sml-layout":"","theme-transparent-header-meta":"default","adv-header-id-meta":"","stick-header-meta":"default","header-above-stick-meta":"","header-main-stick-meta":"","header-below-stick-meta":"","astra-migrate-meta-layouts":"set","ast-page-background-enabled":"default","ast-page-background-meta":{"desktop":{"background-color":"var(--ast-global-color-4)","background-image":"","background-repeat":"repeat","background-position":"center center","background-size":"auto","background-attachment":"scroll","background-type":"","background-media":"","overlay-type":"","overlay-color":"","overlay-opacity":"","overlay-gradient":""},"tablet":{"background-color":"","background-image":"","background-repeat":"repeat","background-position":"center center","background-size":"auto","background-attachment":"scroll","background-type":"","background-media":"","overlay-type":"","overlay-color":"","overlay-opacity":"","overlay-gradient":""},"mobile":{"background-color":"","background-image":"","background-repeat":"repeat","background-position":"center center","background-size":"auto","background-attachment":"scroll","background-type":"","background-media":"","overlay-type":"","overlay-color":"","overlay-opacity":"","overlay-gradient":""}},"ast-content-background-meta":{"desktop":{"background-color":"var(--ast-global-color-5)","background-image":"","background-repeat":"repeat","background-position":"center center","background-size":"auto","background-attachment":"scroll","background-type":"","background-media":"","overlay-type":"","overlay-color":"","overlay-opacity":"","overlay-gradient":""},"tablet":{"background-color":"var(--ast-global-color-5)","background-image":"","background-repeat":"repeat","background-position":"center center","background-size":"auto","background-attachment":"scroll","background-type":"","background-media":"","overlay-type":"","overlay-color":"","overlay-opacity":"","overlay-gradient":""},"mobile":{"background-color":"var(--ast-global-color-5)","background-image":"","background-repeat":"repeat","background-position":"center center","background-size":"auto","background-attachment":"scroll","background-type":"","background-media":"","overlay-type":"","overlay-color":"","overlay-opacity":"","overlay-gradient":""}}},"product_brand":[],"product_cat":[20,97],"product_tag":[330,326,325,324,329],"class_list":{"0":"post-31602","1":"product","2":"type-product","3":"status-publish","4":"has-post-thumbnail","6":"product_cat-charger","7":"product_cat-compact","8":"product_tag-beginners","9":"product_tag-cars-trucks","10":"product_tag-fpv-drones","11":"product_tag-hot","12":"product_tag-rtr","13":"desktop-align-left","14":"tablet-align-left","15":"mobile-align-left","16":"ast-product-gallery-layout-vertical-slider","17":"ast-product-single-variable","18":"ast-product-tabs-layout-horizontal","20":"first","21":"instock","22":"shipping-taxable","23":"purchasable","24":"product-type-variable"},"acf":[],"_links":{"self":[{"href":"https:\/\/www.toolkitrc.com\/zh-hans\/wp-json\/wp\/v2\/product\/31602","targetHints":{"allow":["GET"]}}],"collection":[{"href":"https:\/\/www.toolkitrc.com\/zh-hans\/wp-json\/wp\/v2\/product"}],"about":[{"href":"https:\/\/www.toolkitrc.com\/zh-hans\/wp-json\/wp\/v2\/types\/product"}],"replies":[{"embeddable":true,"href":"https:\/\/www.toolkitrc.com\/zh-hans\/wp-json\/wp\/v2\/comments?post=31602"}],"version-history":[{"count":6,"href":"https:\/\/www.toolkitrc.com\/zh-hans\/wp-json\/wp\/v2\/product\/31602\/revisions"}],"predecessor-version":[{"id":42223,"href":"https:\/\/www.toolkitrc.com\/zh-hans\/wp-json\/wp\/v2\/product\/31602\/revisions\/42223"}],"wp:featuredmedia":[{"embeddable":true,"href":"https:\/\/www.toolkitrc.com\/zh-hans\/wp-json\/wp\/v2\/media\/31337"}],"wp:attachment":[{"href":"https:\/\/www.toolkitrc.com\/zh-hans\/wp-json\/wp\/v2\/media?parent=31602"}],"wp:term":[{"taxonomy":"product_brand","embeddable":true,"href":"https:\/\/www.toolkitrc.com\/zh-hans\/wp-json\/wp\/v2\/product_brand?post=31602"},{"taxonomy":"product_cat","embeddable":true,"href":"https:\/\/www.toolkitrc.com\/zh-hans\/wp-json\/wp\/v2\/product_cat?post=31602"},{"taxonomy":"product_tag","embeddable":true,"href":"https:\/\/www.toolkitrc.com\/zh-hans\/wp-json\/wp\/v2\/product_tag?post=31602"}],"curies":[{"name":"wp","href":"https:\/\/api.w.org\/{rel}","templated":true}]}}