{"id":43441,"date":"2025-02-12T09:34:00","date_gmt":"2025-02-12T09:34:00","guid":{"rendered":"https:\/\/www.toolkitrc.com\/?post_type=product&#038;p=43441"},"modified":"2026-04-22T09:46:27","modified_gmt":"2026-04-22T09:46:27","slug":"m8ac","status":"publish","type":"product","link":"https:\/\/www.toolkitrc.com\/zh-hans\/product\/m8ac\/","title":{"rendered":"M8AC"},"content":{"rendered":"\t\t<div data-elementor-type=\"product-post\" data-elementor-id=\"43441\" class=\"elementor elementor-43441\" data-elementor-settings=\"{&quot;ha_cmc_init_switcher&quot;:&quot;no&quot;}\" data-elementor-post-type=\"product\">\n\t\t\t\t<div data-particle_enable=\"false\" data-particle-mobile-disabled=\"false\" class=\"elementor-element elementor-element-8f8e812 e-con-full e-flex e-con e-parent\" data-id=\"8f8e812\" data-element_type=\"container\" data-e-type=\"container\" data-settings=\"{&quot;_ha_eqh_enable&quot;:false,&quot;ekit_has_onepagescroll_dot&quot;:&quot;yes&quot;}\">\n\t\t<div data-particle_enable=\"false\" data-particle-mobile-disabled=\"false\" class=\"elementor-element elementor-element-90572a2 e-con-full e-flex e-con e-child\" data-id=\"90572a2\" data-element_type=\"container\" data-e-type=\"container\" data-settings=\"{&quot;background_background&quot;:&quot;classic&quot;,&quot;_ha_eqh_enable&quot;:false,&quot;ekit_has_onepagescroll_dot&quot;:&quot;yes&quot;}\">\n\t\t<div data-particle_enable=\"false\" data-particle-mobile-disabled=\"false\" class=\"elementor-element elementor-element-c8f54f7 e-con-full e-flex e-con e-child\" data-id=\"c8f54f7\" data-element_type=\"container\" data-e-type=\"container\" data-settings=\"{&quot;_ha_eqh_enable&quot;:false,&quot;ekit_has_onepagescroll_dot&quot;:&quot;yes&quot;}\">\n\t\t\t\t<div class=\"elementor-element elementor-element-cb2b234 elementor-invisible elementor-widget elementor-widget-text-editor\" data-id=\"cb2b234\" data-element_type=\"widget\" data-e-type=\"widget\" data-settings=\"{&quot;_animation&quot;:&quot;fadeInDown&quot;,&quot;ekit_we_effect_on&quot;:&quot;none&quot;}\" data-widget_type=\"text-editor.default\">\n\t\t\t\t\t\t\t\t\t<h2 style=\"text-align: left;\">SPEC<\/h2>\t\t\t\t\t\t\t\t<\/div>\n\t\t\t\t<div class=\"elementor-element elementor-element-7dff20f elementor-invisible elementor-widget elementor-widget-image\" data-id=\"7dff20f\" data-element_type=\"widget\" data-e-type=\"widget\" data-settings=\"{&quot;_animation&quot;:&quot;fadeInUp&quot;,&quot;_animation_delay&quot;:1000,&quot;ekit_we_effect_on&quot;:&quot;none&quot;}\" data-widget_type=\"image.default\">\n\t\t\t\t\t\t\t\t\t\t\t\t\t\t\t<img fetchpriority=\"high\" decoding=\"async\" width=\"768\" height=\"768\" src=\"https:\/\/www.toolkitrc.com\/wp-content\/uploads\/2025\/01\/M8AC-7-768x768.jpg\" class=\"attachment-medium_large size-medium_large wp-image-43101\" alt=\"\" srcset=\"https:\/\/www.toolkitrc.com\/wp-content\/uploads\/2025\/01\/M8AC-7-768x768.jpg 768w, https:\/\/www.toolkitrc.com\/wp-content\/uploads\/2025\/01\/M8AC-7-300x300.jpg 300w, https:\/\/www.toolkitrc.com\/wp-content\/uploads\/2025\/01\/M8AC-7-800x800.jpg 800w, https:\/\/www.toolkitrc.com\/wp-content\/uploads\/2025\/01\/M8AC-7-150x150.jpg 150w, https:\/\/www.toolkitrc.com\/wp-content\/uploads\/2025\/01\/M8AC-7-500x500.jpg 500w, https:\/\/www.toolkitrc.com\/wp-content\/uploads\/2025\/01\/M8AC-7-600x600.jpg 600w, https:\/\/www.toolkitrc.com\/wp-content\/uploads\/2025\/01\/M8AC-7-96x96.jpg 96w, https:\/\/www.toolkitrc.com\/wp-content\/uploads\/2025\/01\/M8AC-7.jpg 1000w\" sizes=\"(max-width: 768px) 100vw, 768px\" \/>\t\t\t\t\t\t\t\t\t\t\t\t\t\t\t<\/div>\n\t\t\t\t<div class=\"elementor-element elementor-element-a06430e elementor-widget elementor-widget-text-editor\" data-id=\"a06430e\" data-element_type=\"widget\" data-e-type=\"widget\" data-settings=\"{&quot;ekit_we_effect_on&quot;:&quot;none&quot;}\" data-widget_type=\"text-editor.default\">\n\t\t\t\t\t\t\t\t\t<h3><span style=\"color: #808080;\">GENERAL<\/span><\/h3>\t\t\t\t\t\t\t\t<\/div>\n\t\t\t\t<div class=\"elementor-element elementor-element-efad4e3 elementor-widget elementor-widget-text-editor\" data-id=\"efad4e3\" data-element_type=\"widget\" data-e-type=\"widget\" data-settings=\"{&quot;ekit_we_effect_on&quot;:&quot;none&quot;}\" data-widget_type=\"text-editor.default\">\n\t\t\t\t\t\t\t\t\t<table width=\"676\"><tbody><tr><td width=\"194\"><strong>Product size<\/strong><\/td><td width=\"482\"><span style=\"color: #00aaff;\">108\u00d7113\u00d762mm<\/span><\/td><\/tr><tr><td><strong>Product weight<\/strong><\/td><td><span style=\"color: #00aaff;\">500g<\/span><\/td><\/tr><tr><td><strong>Packing size<\/strong><\/td><td><span style=\"color: #00aaff;\">136\u00d7153\u00d767mm<\/span><\/td><\/tr><tr><td><strong>Packaging weight<\/strong><\/td><td><span style=\"color: #00aaff;\">600g<\/span><\/td><\/tr><tr><td><strong>LCD<\/strong><\/td><td><span style=\"color: #00aaff;\">IPS 2.4&#8243; LCD 320\u00d7240px<\/span><\/td><\/tr><\/tbody><\/table>\t\t\t\t\t\t\t\t<\/div>\n\t\t\t\t<div class=\"elementor-element elementor-element-31f414b elementor-widget elementor-widget-text-editor\" data-id=\"31f414b\" data-element_type=\"widget\" data-e-type=\"widget\" data-settings=\"{&quot;ekit_we_effect_on&quot;:&quot;none&quot;}\" data-widget_type=\"text-editor.default\">\n\t\t\t\t\t\t\t\t\t<h3><span style=\"color: #808080;\">CHARGER<\/span><\/h3>\t\t\t\t\t\t\t\t<\/div>\n\t\t\t\t<div class=\"elementor-element elementor-element-86708d3 elementor-widget elementor-widget-text-editor\" data-id=\"86708d3\" data-element_type=\"widget\" data-e-type=\"widget\" data-settings=\"{&quot;ekit_we_effect_on&quot;:&quot;none&quot;}\" data-widget_type=\"text-editor.default\">\n\t\t\t\t\t\t\t\t\t<table width=\"676\"><tbody><tr><td rowspan=\"2\" width=\"194\"><strong>Input voltage<\/strong><\/td><td width=\"482\"><span style=\"color: #00aaff;\">AC 100-240V@MAX 2.5A<\/span><\/td><\/tr><tr><td><span style=\"color: #00aaff;\">DC 7-35V@MAX 25A<\/span><\/td><\/tr><tr><td rowspan=\"2\"><strong>Battery type<\/strong><\/td><td><span style=\"color: #00aaff;\">LiPo LiHV LiFe Lilon LTO @1-8S<\/span><\/td><\/tr><tr><td><span style=\"color: #00aaff;\">NiMH @1-20S\u00a0\u00a0 Pb@1-12S<\/span><\/td><\/tr><tr><td><strong>Balance current<\/strong><\/td><td><span style=\"color: #00aaff;\">1000mA@4.2V<\/span><\/td><\/tr><tr><td><strong>Balance accuracy<\/strong><\/td><td><span style=\"color: #00aaff;\">&lt;0.005V<\/span><\/td><\/tr><tr><td><strong>Charging power<\/strong><\/td><td><span style=\"color: #00aaff;\">0.1-20A@600W<\/span><\/td><\/tr><tr><td rowspan=\"2\"><strong>Discharging power<\/strong><\/td><td><span style=\"color: #00aaff;\">0.1-20A@300W Recycle Mode<\/span><\/td><\/tr><tr><td><span style=\"color: #00aaff;\">0.1-3A@20W Normal Mode<\/span><\/td><\/tr><tr><td><strong>USBC<\/strong><\/td><td><span style=\"color: #00aaff;\">MAX 20.0V@65W Upgrade<\/span><\/td><\/tr><tr><td><strong>Voltage<\/strong><\/td><td><span style=\"color: #00aaff;\">1.0V-5.0V @1-8S<\/span><\/td><\/tr><tr><td><strong>Internal resistance<\/strong><\/td><td><span style=\"color: #00aaff;\">0.1m\u03a9-99m\u03a9 @1-8S<\/span><\/td><\/tr><\/tbody><\/table>\t\t\t\t\t\t\t\t<\/div>\n\t\t\t\t<div class=\"elementor-element elementor-element-185dfee elementor-widget elementor-widget-text-editor\" data-id=\"185dfee\" data-element_type=\"widget\" data-e-type=\"widget\" data-settings=\"{&quot;ekit_we_effect_on&quot;:&quot;none&quot;}\" data-widget_type=\"text-editor.default\">\n\t\t\t\t\t\t\t\t\t<h3><span style=\"color: #808080;\">MEASURER<\/span><\/h3>\t\t\t\t\t\t\t\t<\/div>\n\t\t\t\t<div class=\"elementor-element elementor-element-e77461e elementor-widget elementor-widget-text-editor\" data-id=\"e77461e\" data-element_type=\"widget\" data-e-type=\"widget\" data-settings=\"{&quot;ekit_we_effect_on&quot;:&quot;none&quot;}\" data-widget_type=\"text-editor.default\">\n\t\t\t\t\t\t\t\t\t<table width=\"676\"><tbody><tr><td width=\"194\"><strong>PWM<\/strong><\/td><td width=\"482\"><span style=\"color: #00aaff;\">880us-2200us@20-400Hz<\/span><\/td><\/tr><tr><td><strong>PPM<\/strong><\/td><td><span style=\"color: #00aaff;\">880us-2200us\u00d78 CH@20-50Hz<\/span><\/td><\/tr><tr><td><strong>SBUS<\/strong><\/td><td><span style=\"color: #00aaff;\">880us-2200us\u00d716 CH@20-100Hz<\/span><\/td><\/tr><\/tbody><\/table>\t\t\t\t\t\t\t\t<\/div>\n\t\t\t\t<div class=\"elementor-element elementor-element-febe8ca elementor-widget elementor-widget-text-editor\" data-id=\"febe8ca\" data-element_type=\"widget\" data-e-type=\"widget\" data-settings=\"{&quot;ekit_we_effect_on&quot;:&quot;none&quot;}\" data-widget_type=\"text-editor.default\">\n\t\t\t\t\t\t\t\t\t<h3><span style=\"color: #808080;\">OUTPUT<\/span><\/h3>\t\t\t\t\t\t\t\t<\/div>\n\t\t\t\t<div class=\"elementor-element elementor-element-3d721d9 elementor-widget elementor-widget-text-editor\" data-id=\"3d721d9\" data-element_type=\"widget\" data-e-type=\"widget\" data-settings=\"{&quot;ekit_we_effect_on&quot;:&quot;none&quot;}\" data-widget_type=\"text-editor.default\">\n\t\t\t\t\t\t\t\t\t<table width=\"676\"><tbody><tr><td width=\"194\"><strong>PWM<\/strong><\/td><td width=\"482\"><span style=\"color: #00aaff;\">500us-2500us@20-1000Hz<\/span><\/td><\/tr><tr><td><strong>PPM<\/strong><\/td><td><span style=\"color: #00aaff;\">880us-2200us\u00d78 CH@50Hz<\/span><\/td><\/tr><tr><td><strong>SBUS<\/strong><\/td><td><span style=\"color: #00aaff;\">880us-2200us\u00d716 CH@74Hz<\/span><\/td><\/tr><tr><td><strong>Power<\/strong><\/td><td><span style=\"color: #00aaff;\">0.5-15A@1-35V Mode: CC+CV<\/span><\/td><\/tr><\/tbody><\/table>\t\t\t\t\t\t\t\t<\/div>\n\t\t\t\t<\/div>\n\t\t<div data-particle_enable=\"false\" data-particle-mobile-disabled=\"false\" class=\"elementor-element elementor-element-0a3c3d5 e-con-full e-flex e-con e-child\" data-id=\"0a3c3d5\" data-element_type=\"container\" data-e-type=\"container\" data-settings=\"{&quot;background_background&quot;:&quot;classic&quot;,&quot;_ha_eqh_enable&quot;:false,&quot;ekit_has_onepagescroll_dot&quot;:&quot;yes&quot;}\">\n\t\t\t\t<div class=\"elementor-element elementor-element-b05964a elementor-invisible elementor-widget elementor-widget-text-editor\" data-id=\"b05964a\" data-element_type=\"widget\" data-e-type=\"widget\" data-settings=\"{&quot;_animation&quot;:&quot;fadeInDown&quot;,&quot;ekit_we_effect_on&quot;:&quot;none&quot;}\" data-widget_type=\"text-editor.default\">\n\t\t\t\t\t\t\t\t\t<h2 style=\"text-align: left;\">IN THE BOX<\/h2><p><span style=\"color: #00aaff;\">M8AC Charger \u00d7 1, AC Input Cable \u00d7 1, USB Cable \u00d7 1, Quick Manual \u00d7 1, Screen Protector \u00d7 1<\/span><\/p>\t\t\t\t\t\t\t\t<\/div>\n\t\t\t\t<div class=\"elementor-element elementor-element-387be03 elementor-widget elementor-widget-image\" data-id=\"387be03\" data-element_type=\"widget\" data-e-type=\"widget\" data-settings=\"{&quot;ekit_we_effect_on&quot;:&quot;none&quot;}\" data-widget_type=\"image.default\">\n\t\t\t\t\t\t\t\t\t\t\t\t\t\t\t<img decoding=\"async\" src=\"https:\/\/image.toolkitrc.com\/M8AC\/M8AC-1000px-0.jpg\" title=\"\" alt=\"\" loading=\"lazy\" \/>\t\t\t\t\t\t\t\t\t\t\t\t\t\t\t<\/div>\n\t\t\t\t<\/div>\n\t\t\t\t<\/div>\n\t\t<div data-particle_enable=\"false\" data-particle-mobile-disabled=\"false\" class=\"elementor-element elementor-element-ed82ec4 e-con-full e-flex e-con e-child\" data-id=\"ed82ec4\" data-element_type=\"container\" data-e-type=\"container\" data-settings=\"{&quot;_ha_eqh_enable&quot;:false,&quot;ekit_has_onepagescroll_dot&quot;:&quot;yes&quot;}\">\n\t\t<div data-particle_enable=\"false\" data-particle-mobile-disabled=\"false\" class=\"elementor-element elementor-element-56734c4 e-con-full e-flex e-con e-child\" data-id=\"56734c4\" data-element_type=\"container\" data-e-type=\"container\" data-settings=\"{&quot;_ha_eqh_enable&quot;:false,&quot;ekit_has_onepagescroll_dot&quot;:&quot;yes&quot;}\">\n\t\t\t\t<div class=\"elementor-element elementor-element-fdf44c8 elementor-widget elementor-widget-elementskit-heading\" data-id=\"fdf44c8\" data-element_type=\"widget\" data-e-type=\"widget\" data-settings=\"{&quot;ekit_we_effect_on&quot;:&quot;none&quot;}\" data-widget_type=\"elementskit-heading.default\">\n\t\t\t\t\t<div class=\"ekit-wid-con\" ><div class=\"ekit-heading elementskit-section-title-wraper text_left   ekit_heading_tablet-   ekit_heading_mobile-\"><h2 class=\"ekit-heading--title elementskit-section-title \"> <span><span>Take a Closer Look<\/span><\/span><\/h2><\/div><\/div>\t\t\t\t<\/div>\n\t\t\t\t<\/div>\n\t\t<div data-particle_enable=\"false\" data-particle-mobile-disabled=\"false\" class=\"elementor-element elementor-element-b38ff63 e-con-full e-flex e-con e-child\" data-id=\"b38ff63\" data-element_type=\"container\" data-e-type=\"container\" data-settings=\"{&quot;_ha_eqh_enable&quot;:false,&quot;ekit_has_onepagescroll_dot&quot;:&quot;yes&quot;}\">\n\t\t<div data-particle_enable=\"false\" data-particle-mobile-disabled=\"false\" class=\"elementor-element elementor-element-6e001a4 e-con-full e-flex e-con e-child\" data-id=\"6e001a4\" data-element_type=\"container\" data-e-type=\"container\" data-settings=\"{&quot;_ha_eqh_enable&quot;:false,&quot;ekit_has_onepagescroll_dot&quot;:&quot;yes&quot;}\">\n\t\t\t\t<div class=\"elementor-element elementor-element-cd024e2 elementor-widget elementor-widget-button\" data-id=\"cd024e2\" data-element_type=\"widget\" data-e-type=\"widget\" data-settings=\"{&quot;ekit_we_effect_on&quot;:&quot;none&quot;}\" data-widget_type=\"button.default\">\n\t\t\t\t\t\t\t\t\t\t<a class=\"elementor-button elementor-button-link elementor-size-sm\" href=\"\/m8ac\/\">\n\t\t\t\t\t\t<span class=\"elementor-button-content-wrapper\">\n\t\t\t\t\t\t\t\t\t<span class=\"elementor-button-text\">LEARN MORE<\/span>\n\t\t\t\t\t<\/span>\n\t\t\t\t\t<\/a>\n\t\t\t\t\t\t\t\t<\/div>\n\t\t\t\t<\/div>\n\t\t\t\t<\/div>\n\t\t\t\t<\/div>\n\t\t<div data-particle_enable=\"false\" data-particle-mobile-disabled=\"false\" class=\"elementor-element elementor-element-6d27339 e-con-full e-flex e-con e-child\" data-id=\"6d27339\" data-element_type=\"container\" data-e-type=\"container\" data-settings=\"{&quot;_ha_eqh_enable&quot;:false,&quot;ekit_has_onepagescroll_dot&quot;:&quot;yes&quot;}\">\n\t\t\t\t<div class=\"elementor-element elementor-element-37a8e15 elementor-widget elementor-widget-video\" data-id=\"37a8e15\" data-element_type=\"widget\" data-e-type=\"widget\" data-settings=\"{&quot;video_type&quot;:&quot;hosted&quot;,&quot;autoplay&quot;:&quot;yes&quot;,&quot;play_on_mobile&quot;:&quot;yes&quot;,&quot;loop&quot;:&quot;yes&quot;,&quot;controls&quot;:&quot;yes&quot;,&quot;ekit_we_effect_on&quot;:&quot;none&quot;}\" data-widget_type=\"video.default\">\n\t\t\t\t\t\t\t<div class=\"e-hosted-video elementor-wrapper elementor-open-inline\">\n\t\t\t\t\t<video class=\"elementor-video\" src=\"https:\/\/tkrc-web.oss-cn-hongkong.aliyuncs.com\/M8AC\/M8AC-Video.mp4\" autoplay=\"\" loop=\"\" controls=\"\" playsinline=\"\" controlsList=\"nodownload\"><\/video>\n\t\t\t\t<\/div>\n\t\t\t\t\t\t<\/div>\n\t\t\t\t<\/div>\n\t\t<div data-particle_enable=\"false\" data-particle-mobile-disabled=\"false\" class=\"elementor-element elementor-element-a2e2e18 e-con-full e-flex e-con e-child\" data-id=\"a2e2e18\" data-element_type=\"container\" data-e-type=\"container\" data-settings=\"{&quot;_ha_eqh_enable&quot;:false,&quot;ekit_has_onepagescroll_dot&quot;:&quot;yes&quot;}\">\n\t\t\t\t<div class=\"elementor-element elementor-element-111da9b elementor-widget elementor-widget-image\" data-id=\"111da9b\" data-element_type=\"widget\" data-e-type=\"widget\" data-settings=\"{&quot;ekit_we_effect_on&quot;:&quot;none&quot;}\" data-widget_type=\"image.default\">\n\t\t\t\t\t\t\t\t\t\t\t\t\t\t\t<img decoding=\"async\" src=\"https:\/\/image.toolkitrc.com\/M8AC\/M8AC-Details-Mobile_01.jpg\" title=\"\" alt=\"\" loading=\"lazy\" \/>\t\t\t\t\t\t\t\t\t\t\t\t\t\t\t<\/div>\n\t\t\t\t<div class=\"elementor-element elementor-element-bb675e1 elementor-widget elementor-widget-image\" data-id=\"bb675e1\" data-element_type=\"widget\" data-e-type=\"widget\" data-settings=\"{&quot;ekit_we_effect_on&quot;:&quot;none&quot;}\" data-widget_type=\"image.default\">\n\t\t\t\t\t\t\t\t\t\t\t\t\t\t\t<img decoding=\"async\" src=\"https:\/\/image.toolkitrc.com\/M8AC\/M8AC-Details-Mobile_02.jpg\" title=\"\" alt=\"\" loading=\"lazy\" \/>\t\t\t\t\t\t\t\t\t\t\t\t\t\t\t<\/div>\n\t\t\t\t<div class=\"elementor-element elementor-element-1162157 elementor-widget elementor-widget-image\" data-id=\"1162157\" data-element_type=\"widget\" data-e-type=\"widget\" data-settings=\"{&quot;ekit_we_effect_on&quot;:&quot;none&quot;}\" data-widget_type=\"image.default\">\n\t\t\t\t\t\t\t\t\t\t\t\t\t\t\t<img decoding=\"async\" src=\"https:\/\/image.toolkitrc.com\/M8AC\/M8AC-Details-Mobile_03.jpg\" title=\"\" alt=\"\" loading=\"lazy\" \/>\t\t\t\t\t\t\t\t\t\t\t\t\t\t\t<\/div>\n\t\t\t\t<div class=\"elementor-element elementor-element-fc1d7ca elementor-widget elementor-widget-image\" data-id=\"fc1d7ca\" data-element_type=\"widget\" data-e-type=\"widget\" data-settings=\"{&quot;ekit_we_effect_on&quot;:&quot;none&quot;}\" data-widget_type=\"image.default\">\n\t\t\t\t\t\t\t\t\t\t\t\t\t\t\t<img decoding=\"async\" src=\"https:\/\/image.toolkitrc.com\/M8AC\/M8AC-Details-Mobile_04.jpg\" title=\"\" alt=\"\" loading=\"lazy\" \/>\t\t\t\t\t\t\t\t\t\t\t\t\t\t\t<\/div>\n\t\t\t\t<div class=\"elementor-element elementor-element-5d1cf36 elementor-widget elementor-widget-image\" data-id=\"5d1cf36\" data-element_type=\"widget\" data-e-type=\"widget\" data-settings=\"{&quot;ekit_we_effect_on&quot;:&quot;none&quot;}\" data-widget_type=\"image.default\">\n\t\t\t\t\t\t\t\t\t\t\t\t\t\t\t<img decoding=\"async\" src=\"https:\/\/image.toolkitrc.com\/M8AC\/M8AC-Details-Mobile_05.jpg\" title=\"\" alt=\"\" loading=\"lazy\" \/>\t\t\t\t\t\t\t\t\t\t\t\t\t\t\t<\/div>\n\t\t\t\t<div class=\"elementor-element elementor-element-2a87d91 elementor-widget elementor-widget-image\" data-id=\"2a87d91\" data-element_type=\"widget\" data-e-type=\"widget\" data-settings=\"{&quot;ekit_we_effect_on&quot;:&quot;none&quot;}\" data-widget_type=\"image.default\">\n\t\t\t\t\t\t\t\t\t\t\t\t\t\t\t<img decoding=\"async\" src=\"https:\/\/image.toolkitrc.com\/M8AC\/M8AC-Details-Mobile_06.jpg\" title=\"\" alt=\"\" loading=\"lazy\" \/>\t\t\t\t\t\t\t\t\t\t\t\t\t\t\t<\/div>\n\t\t\t\t<div class=\"elementor-element elementor-element-d15fd48 elementor-widget elementor-widget-image\" data-id=\"d15fd48\" data-element_type=\"widget\" data-e-type=\"widget\" data-settings=\"{&quot;ekit_we_effect_on&quot;:&quot;none&quot;}\" data-widget_type=\"image.default\">\n\t\t\t\t\t\t\t\t\t\t\t\t\t\t\t<img decoding=\"async\" src=\"https:\/\/image.toolkitrc.com\/M8AC\/M8AC-Details-Mobile_07.jpg\" title=\"\" alt=\"\" loading=\"lazy\" \/>\t\t\t\t\t\t\t\t\t\t\t\t\t\t\t<\/div>\n\t\t\t\t<\/div>\n\t\t\t\t<\/div>\n\t\t\t\t<\/div>\n\t\t\n    <div class=\"xs_social_share_widget xs_share_url after_content \t\tmain_content  wslu-style-1 wslu-share-box-shaped wslu-fill-colored wslu-none wslu-share-horizontal wslu-theme-font-no wslu-main_content\">\n\n\t\t\n        <ul>\n\t\t\t        <\/ul>\n    <\/div> \n","protected":false},"excerpt":{"rendered":"<p><span style=\"color: #00aaff;\"><strong>AC200W | DC600W | Max20A<\/strong><\/span><\/p>\n<p><span style=\"vertical-align: inherit;\"><span style=\"vertical-align: inherit;\"><span style=\"vertical-align: inherit;\"><span style=\"vertical-align: inherit;\">\u25cf <\/span><\/span><\/span><\/span>Highly integrated, Lighter, Smaller and simpler<span style=\"vertical-align: inherit;\"><span style=\"vertical-align: inherit;\"><span style=\"vertical-align: inherit;\"><span style=\"vertical-align: inherit;\">\uff1b<\/span><\/span><\/span><\/span><\/p>\n<p><span style=\"vertical-align: inherit;\"><span style=\"vertical-align: inherit;\"><span style=\"vertical-align: inherit;\"><span style=\"vertical-align: inherit;\">\u25cf <\/span><\/span><\/span><\/span>1000mA robust balance current &amp; High balance accuracy &lt;0.005V<span style=\"vertical-align: inherit;\"><span style=\"vertical-align: inherit;\">\uff1b<\/span><\/span><\/p>\n<p><span style=\"vertical-align: inherit;\"><span style=\"vertical-align: inherit;\"><span style=\"vertical-align: inherit;\"><span style=\"vertical-align: inherit;\">\u25cf 65W super flash charger\uff1b<\/span><\/span><\/span><\/span><\/p>\n<p><span style=\"vertical-align: inherit;\"><span style=\"vertical-align: inherit;\"><span style=\"vertical-align: inherit;\"><span style=\"vertical-align: inherit;\">\u25cf Not only a charger, and many more auxiliary functions<\/span><\/span><\/span><\/span><span style=\"vertical-align: inherit;\"><span style=\"vertical-align: inherit;\"><span style=\"vertical-align: inherit;\"><span style=\"vertical-align: inherit;\">\uff1b<\/span><\/span><\/span><\/span><\/p>\n<p><span style=\"vertical-align: inherit;\"><span style=\"vertical-align: inherit;\"><span style=\"vertical-align: inherit;\"><span style=\"vertical-align: inherit;\">\u25cf <\/span><\/span><\/span><\/span>Smart 2.4&#8243; IPS LCD display<span style=\"vertical-align: inherit;\"><span style=\"vertical-align: inherit;\"><span style=\"vertical-align: inherit;\"><span style=\"vertical-align: inherit;\">\uff1b<\/span><\/span><\/span><\/span><\/p>\n<p><span style=\"vertical-align: inherit;\"><span style=\"vertical-align: inherit;\"><span style=\"vertical-align: inherit;\"><span style=\"vertical-align: inherit;\">\u25cf Comprehensive security protection<\/span><\/span><\/span><\/span><span style=\"vertical-align: inherit;\"><span style=\"vertical-align: inherit;\"><span style=\"vertical-align: inherit;\"><span style=\"vertical-align: inherit;\">.<\/span><\/span><\/span><\/span><\/p>\n","protected":false},"featured_media":46101,"comment_status":"open","ping_status":"closed","template":"","meta":{"_acf_changed":false,"_searchwp_excluded":"","site-sidebar-layout":"no-sidebar","site-content-layout":"page-builder","ast-site-content-layout":"default","site-content-style":"default","site-sidebar-style":"default","ast-global-header-display":"","ast-banner-title-visibility":"","ast-main-header-display":"","ast-hfb-above-header-display":"","ast-hfb-below-header-display":"","ast-hfb-mobile-header-display":"","site-post-title":"disabled","ast-breadcrumbs-content":"","ast-featured-img":"disabled","footer-sml-layout":"","theme-transparent-header-meta":"default","adv-header-id-meta":"","stick-header-meta":"default","header-above-stick-meta":"","header-main-stick-meta":"","header-below-stick-meta":"","astra-migrate-meta-layouts":"set","ast-page-background-enabled":"default","ast-page-background-meta":{"desktop":{"background-color":"var(--ast-global-color-4)","background-image":"","background-repeat":"repeat","background-position":"center center","background-size":"auto","background-attachment":"scroll","background-type":"","background-media":"","overlay-type":"","overlay-color":"","overlay-opacity":"","overlay-gradient":""},"tablet":{"background-color":"","background-image":"","background-repeat":"repeat","background-position":"center center","background-size":"auto","background-attachment":"scroll","background-type":"","background-media":"","overlay-type":"","overlay-color":"","overlay-opacity":"","overlay-gradient":""},"mobile":{"background-color":"","background-image":"","background-repeat":"repeat","background-position":"center center","background-size":"auto","background-attachment":"scroll","background-type":"","background-media":"","overlay-type":"","overlay-color":"","overlay-opacity":"","overlay-gradient":""}},"ast-content-background-meta":{"desktop":{"background-color":"var(--ast-global-color-5)","background-image":"","background-repeat":"repeat","background-position":"center center","background-size":"auto","background-attachment":"scroll","background-type":"","background-media":"","overlay-type":"","overlay-color":"","overlay-opacity":"","overlay-gradient":""},"tablet":{"background-color":"var(--ast-global-color-5)","background-image":"","background-repeat":"repeat","background-position":"center center","background-size":"auto","background-attachment":"scroll","background-type":"","background-media":"","overlay-type":"","overlay-color":"","overlay-opacity":"","overlay-gradient":""},"mobile":{"background-color":"var(--ast-global-color-5)","background-image":"","background-repeat":"repeat","background-position":"center center","background-size":"auto","background-attachment":"scroll","background-type":"","background-media":"","overlay-type":"","overlay-color":"","overlay-opacity":"","overlay-gradient":""}}},"product_brand":[],"product_cat":[20,99],"product_tag":[],"class_list":{"0":"post-43441","1":"product","2":"type-product","3":"status-publish","4":"has-post-thumbnail","6":"product_cat-charger","7":"product_cat-multi-fuction","8":"desktop-align-left","9":"tablet-align-left","10":"mobile-align-left","11":"ast-product-gallery-layout-vertical-slider","12":"ast-product-single-variable","13":"ast-product-tabs-layout-horizontal","15":"first","16":"instock","17":"shipping-taxable","18":"purchasable","19":"product-type-variable"},"acf":[],"_links":{"self":[{"href":"https:\/\/www.toolkitrc.com\/zh-hans\/wp-json\/wp\/v2\/product\/43441","targetHints":{"allow":["GET"]}}],"collection":[{"href":"https:\/\/www.toolkitrc.com\/zh-hans\/wp-json\/wp\/v2\/product"}],"about":[{"href":"https:\/\/www.toolkitrc.com\/zh-hans\/wp-json\/wp\/v2\/types\/product"}],"replies":[{"embeddable":true,"href":"https:\/\/www.toolkitrc.com\/zh-hans\/wp-json\/wp\/v2\/comments?post=43441"}],"version-history":[{"count":19,"href":"https:\/\/www.toolkitrc.com\/zh-hans\/wp-json\/wp\/v2\/product\/43441\/revisions"}],"predecessor-version":[{"id":55850,"href":"https:\/\/www.toolkitrc.com\/zh-hans\/wp-json\/wp\/v2\/product\/43441\/revisions\/55850"}],"wp:featuredmedia":[{"embeddable":true,"href":"https:\/\/www.toolkitrc.com\/zh-hans\/wp-json\/wp\/v2\/media\/46101"}],"wp:attachment":[{"href":"https:\/\/www.toolkitrc.com\/zh-hans\/wp-json\/wp\/v2\/media?parent=43441"}],"wp:term":[{"taxonomy":"product_brand","embeddable":true,"href":"https:\/\/www.toolkitrc.com\/zh-hans\/wp-json\/wp\/v2\/product_brand?post=43441"},{"taxonomy":"product_cat","embeddable":true,"href":"https:\/\/www.toolkitrc.com\/zh-hans\/wp-json\/wp\/v2\/product_cat?post=43441"},{"taxonomy":"product_tag","embeddable":true,"href":"https:\/\/www.toolkitrc.com\/zh-hans\/wp-json\/wp\/v2\/product_tag?post=43441"}],"curies":[{"name":"wp","href":"https:\/\/api.w.org\/{rel}","templated":true}]}}